{"id":9822,"date":"2018-03-16T15:37:47","date_gmt":"2018-03-16T14:37:47","guid":{"rendered":"https:\/\/unruffled-albattani302.a.cloudprovider.net\/b2b-aanmelden\/"},"modified":"2024-04-09T17:58:03","modified_gmt":"2024-04-09T15:58:03","slug":"registrieren-sie-b2b","status":"publish","type":"page","link":"https:\/\/gertsnel.com\/de\/registrieren-sie-b2b\/","title":{"rendered":"Registrieren Sie b2b"},"content":{"rendered":"","protected":false},"excerpt":{"rendered":"","protected":false},"author":1,"featured_media":0,"parent":0,"menu_order":55,"comment_status":"closed","ping_status":"closed","template":"page.php","meta":{"_acf_changed":false,"_relevanssi_hide_post":"","_relevanssi_hide_content":"","_relevanssi_pin_for_all":"","_relevanssi_pin_keywords":"","_relevanssi_unpin_keywords":"","_relevanssi_related_keywords":"","_relevanssi_related_include_ids":"","_relevanssi_related_exclude_ids":"","_relevanssi_related_no_append":"","_relevanssi_related_not_related":"","_relevanssi_related_posts":"","_relevanssi_noindex_reason":"","footnotes":""},"class_list":["post-9822","page","type-page","status-publish","hentry"],"acf":[],"yoast_head":"<!-- This site is optimized with the Yoast SEO plugin v27.3 - https:\/\/yoast.com\/product\/yoast-seo-wordpress\/ -->\n<title>Registrieren Sie b2b - Gert Snel Interiors<\/title>\n<meta name=\"description\" content=\"Werden Sie Kunde des M\u00f6belgro\u00dfh\u00e4ndlers Gert Snel Interiors und shoppen Sie in unserem Showroom oder Online-Gro\u00dfh\u00e4ndler.\" \/>\n<meta name=\"robots\" content=\"index, follow, max-snippet:-1, max-image-preview:large, max-video-preview:-1\" \/>\n<link rel=\"canonical\" href=\"https:\/\/gertsnel.com\/de\/registrieren-sie-b2b\/\" \/>\n<meta property=\"og:locale\" content=\"de_DE\" \/>\n<meta property=\"og:type\" content=\"article\" \/>\n<meta property=\"og:title\" content=\"Registrieren Sie b2b - Gert Snel Interiors\" \/>\n<meta property=\"og:description\" content=\"Werden Sie Kunde des M\u00f6belgro\u00dfh\u00e4ndlers Gert Snel Interiors und shoppen Sie in unserem Showroom oder Online-Gro\u00dfh\u00e4ndler.\" \/>\n<meta property=\"og:url\" content=\"https:\/\/gertsnel.com\/de\/registrieren-sie-b2b\/\" \/>\n<meta property=\"og:site_name\" content=\"Gert Snel Interiors\" \/>\n<meta property=\"article:modified_time\" content=\"2024-04-09T15:58:03+00:00\" \/>\n<meta name=\"twitter:card\" content=\"summary_large_image\" \/>\n<script type=\"application\/ld+json\" class=\"yoast-schema-graph\">{\"@context\":\"https:\\\/\\\/schema.org\",\"@graph\":[{\"@type\":\"WebPage\",\"@id\":\"https:\\\/\\\/gertsnel.com\\\/de\\\/registrieren-sie-b2b\\\/\",\"url\":\"https:\\\/\\\/gertsnel.com\\\/de\\\/registrieren-sie-b2b\\\/\",\"name\":\"Registrieren Sie b2b - Gert Snel Interiors\",\"isPartOf\":{\"@id\":\"https:\\\/\\\/gertsnel.com\\\/de\\\/#website\"},\"datePublished\":\"2018-03-16T14:37:47+00:00\",\"dateModified\":\"2024-04-09T15:58:03+00:00\",\"description\":\"Werden Sie Kunde des M\u00f6belgro\u00dfh\u00e4ndlers Gert Snel Interiors und shoppen Sie in unserem Showroom oder Online-Gro\u00dfh\u00e4ndler.\",\"breadcrumb\":{\"@id\":\"https:\\\/\\\/gertsnel.com\\\/de\\\/registrieren-sie-b2b\\\/#breadcrumb\"},\"inLanguage\":\"de\",\"potentialAction\":[{\"@type\":\"ReadAction\",\"target\":[\"https:\\\/\\\/gertsnel.com\\\/de\\\/registrieren-sie-b2b\\\/\"]}]},{\"@type\":\"BreadcrumbList\",\"@id\":\"https:\\\/\\\/gertsnel.com\\\/de\\\/registrieren-sie-b2b\\\/#breadcrumb\",\"itemListElement\":[{\"@type\":\"ListItem\",\"position\":1,\"name\":\"Home\",\"item\":\"https:\\\/\\\/gertsnel.com\\\/de\\\/\"},{\"@type\":\"ListItem\",\"position\":2,\"name\":\"Registrieren Sie b2b\"}]},{\"@type\":\"WebSite\",\"@id\":\"https:\\\/\\\/gertsnel.com\\\/de\\\/#website\",\"url\":\"https:\\\/\\\/gertsnel.com\\\/de\\\/\",\"name\":\"Gert Snel Interiors\",\"description\":\"Unlike any other\",\"potentialAction\":[{\"@type\":\"SearchAction\",\"target\":{\"@type\":\"EntryPoint\",\"urlTemplate\":\"https:\\\/\\\/gertsnel.com\\\/de\\\/?s={search_term_string}\"},\"query-input\":{\"@type\":\"PropertyValueSpecification\",\"valueRequired\":true,\"valueName\":\"search_term_string\"}}],\"inLanguage\":\"de\"}]}<\/script>\n<!-- \/ Yoast SEO plugin. -->","yoast_head_json":{"title":"Registrieren Sie b2b - Gert Snel Interiors","description":"Werden Sie Kunde des M\u00f6belgro\u00dfh\u00e4ndlers Gert Snel Interiors und shoppen Sie in unserem Showroom oder Online-Gro\u00dfh\u00e4ndler.","robots":{"index":"index","follow":"follow","max-snippet":"max-snippet:-1","max-image-preview":"max-image-preview:large","max-video-preview":"max-video-preview:-1"},"canonical":"https:\/\/gertsnel.com\/de\/registrieren-sie-b2b\/","og_locale":"de_DE","og_type":"article","og_title":"Registrieren Sie b2b - Gert Snel Interiors","og_description":"Werden Sie Kunde des M\u00f6belgro\u00dfh\u00e4ndlers Gert Snel Interiors und shoppen Sie in unserem Showroom oder Online-Gro\u00dfh\u00e4ndler.","og_url":"https:\/\/gertsnel.com\/de\/registrieren-sie-b2b\/","og_site_name":"Gert Snel Interiors","article_modified_time":"2024-04-09T15:58:03+00:00","twitter_card":"summary_large_image","schema":{"@context":"https:\/\/schema.org","@graph":[{"@type":"WebPage","@id":"https:\/\/gertsnel.com\/de\/registrieren-sie-b2b\/","url":"https:\/\/gertsnel.com\/de\/registrieren-sie-b2b\/","name":"Registrieren Sie b2b - Gert Snel Interiors","isPartOf":{"@id":"https:\/\/gertsnel.com\/de\/#website"},"datePublished":"2018-03-16T14:37:47+00:00","dateModified":"2024-04-09T15:58:03+00:00","description":"Werden Sie Kunde des M\u00f6belgro\u00dfh\u00e4ndlers Gert Snel Interiors und shoppen Sie in unserem Showroom oder Online-Gro\u00dfh\u00e4ndler.","breadcrumb":{"@id":"https:\/\/gertsnel.com\/de\/registrieren-sie-b2b\/#breadcrumb"},"inLanguage":"de","potentialAction":[{"@type":"ReadAction","target":["https:\/\/gertsnel.com\/de\/registrieren-sie-b2b\/"]}]},{"@type":"BreadcrumbList","@id":"https:\/\/gertsnel.com\/de\/registrieren-sie-b2b\/#breadcrumb","itemListElement":[{"@type":"ListItem","position":1,"name":"Home","item":"https:\/\/gertsnel.com\/de\/"},{"@type":"ListItem","position":2,"name":"Registrieren Sie b2b"}]},{"@type":"WebSite","@id":"https:\/\/gertsnel.com\/de\/#website","url":"https:\/\/gertsnel.com\/de\/","name":"Gert Snel Interiors","description":"Unlike any other","potentialAction":[{"@type":"SearchAction","target":{"@type":"EntryPoint","urlTemplate":"https:\/\/gertsnel.com\/de\/?s={search_term_string}"},"query-input":{"@type":"PropertyValueSpecification","valueRequired":true,"valueName":"search_term_string"}}],"inLanguage":"de"}]}},"_links":{"self":[{"href":"https:\/\/gertsnel.com\/de\/wp-json\/wp\/v2\/pages\/9822","targetHints":{"allow":["GET"]}}],"collection":[{"href":"https:\/\/gertsnel.com\/de\/wp-json\/wp\/v2\/pages"}],"about":[{"href":"https:\/\/gertsnel.com\/de\/wp-json\/wp\/v2\/types\/page"}],"author":[{"embeddable":true,"href":"https:\/\/gertsnel.com\/de\/wp-json\/wp\/v2\/users\/1"}],"replies":[{"embeddable":true,"href":"https:\/\/gertsnel.com\/de\/wp-json\/wp\/v2\/comments?post=9822"}],"version-history":[{"count":4,"href":"https:\/\/gertsnel.com\/de\/wp-json\/wp\/v2\/pages\/9822\/revisions"}],"predecessor-version":[{"id":912670,"href":"https:\/\/gertsnel.com\/de\/wp-json\/wp\/v2\/pages\/9822\/revisions\/912670"}],"wp:attachment":[{"href":"https:\/\/gertsnel.com\/de\/wp-json\/wp\/v2\/media?parent=9822"}],"curies":[{"name":"wp","href":"https:\/\/api.w.org\/{rel}","templated":true}]}}